{"id":25,"date":"2016-12-07T19:19:41","date_gmt":"2016-12-07T19:19:41","guid":{"rendered":"https:\/\/oceanwp.org\/interior\/?page_id=25"},"modified":"2023-03-28T15:52:18","modified_gmt":"2023-03-28T15:52:18","slug":"home","status":"publish","type":"page","link":"https:\/\/masajesyesencias.es\/","title":{"rendered":"Inicio"},"content":{"rendered":"\t\t<div data-elementor-type=\"wp-post\" data-elementor-id=\"25\" class=\"elementor elementor-25\" data-elementor-post-type=\"page\">\n\t\t\t\t\t\t<section class=\"elementor-section elementor-top-section elementor-element elementor-element-8749a85 elementor-section-boxed elementor-section-height-default elementor-section-height-default\" data-id=\"8749a85\" data-element_type=\"section\" data-e-type=\"section\" data-settings=\"{&quot;background_background&quot;:&quot;slideshow&quot;,&quot;background_slideshow_gallery&quot;:[{&quot;id&quot;:827,&quot;url&quot;:&quot;https:\\\/\\\/masajesyesencias.es\\\/wp-content\\\/uploads\\\/2023\\\/03\\\/masajes-y-esencias-slide-05.jpg&quot;},{&quot;id&quot;:828,&quot;url&quot;:&quot;https:\\\/\\\/masajesyesencias.es\\\/wp-content\\\/uploads\\\/2023\\\/03\\\/masajes-y-esencias-slide-04.jpg&quot;},{&quot;id&quot;:829,&quot;url&quot;:&quot;https:\\\/\\\/masajesyesencias.es\\\/wp-content\\\/uploads\\\/2023\\\/03\\\/masajes-y-esencias-slide-03.jpg&quot;},{&quot;id&quot;:830,&quot;url&quot;:&quot;https:\\\/\\\/masajesyesencias.es\\\/wp-content\\\/uploads\\\/2023\\\/03\\\/masajes-y-esencias-slide-02.jpg&quot;},{&quot;id&quot;:831,&quot;url&quot;:&quot;https:\\\/\\\/masajesyesencias.es\\\/wp-content\\\/uploads\\\/2023\\\/03\\\/masajes-y-esencias-slide-01.jpg&quot;}],&quot;background_slideshow_slide_duration&quot;:9000,&quot;background_slideshow_transition_duration&quot;:3000,&quot;background_slideshow_loop&quot;:&quot;yes&quot;,&quot;background_slideshow_slide_transition&quot;:&quot;fade&quot;}\">\n\t\t\t\t\t\t<div class=\"elementor-container elementor-column-gap-default\">\n\t\t\t\t\t<div class=\"elementor-column elementor-col-100 elementor-top-column elementor-element elementor-element-c105077\" data-id=\"c105077\" data-element_type=\"column\" data-e-type=\"column\">\n\t\t\t<div class=\"elementor-widget-wrap\">\n\t\t\t\t\t\t\t<\/div>\n\t\t<\/div>\n\t\t\t\t\t<\/div>\n\t\t<\/section>\n\t\t\t\t<section class=\"elementor-section elementor-top-section elementor-element elementor-element-g0zdrba elementor-section-content-middle elementor-section-boxed elementor-section-height-default elementor-section-height-default\" data-id=\"g0zdrba\" data-element_type=\"section\" data-e-type=\"section\" data-settings=\"{&quot;background_background&quot;:&quot;classic&quot;}\">\n\t\t\t\t\t\t\t<div class=\"elementor-background-overlay\"><\/div>\n\t\t\t\t\t\t\t<div class=\"elementor-container elementor-column-gap-default\">\n\t\t\t\t\t<div class=\"elementor-column elementor-col-50 elementor-top-column elementor-element elementor-element-687c431\" data-id=\"687c431\" data-element_type=\"column\" data-e-type=\"column\">\n\t\t\t<div class=\"elementor-widget-wrap elementor-element-populated\">\n\t\t\t\t\t\t<div class=\"elementor-element elementor-element-4c7cc04 elementor-widget elementor-widget-image\" data-id=\"4c7cc04\" data-element_type=\"widget\" data-e-type=\"widget\" data-widget_type=\"image.default\">\n\t\t\t\t<div class=\"elementor-widget-container\">\n\t\t\t\t\t\t\t\t\t\t\t\t\t\t\t<img fetchpriority=\"high\" decoding=\"async\" width=\"800\" height=\"923\" src=\"https:\/\/masajesyesencias.es\/wp-content\/uploads\/2021\/01\/Naara_canarias_flores_de_la_atlantida-888x1024.jpg\" class=\"attachment-large size-large wp-image-768\" alt=\"\" srcset=\"https:\/\/masajesyesencias.es\/wp-content\/uploads\/2021\/01\/Naara_canarias_flores_de_la_atlantida-888x1024.jpg 888w, https:\/\/masajesyesencias.es\/wp-content\/uploads\/2021\/01\/Naara_canarias_flores_de_la_atlantida-260x300.jpg 260w, https:\/\/masajesyesencias.es\/wp-content\/uploads\/2021\/01\/Naara_canarias_flores_de_la_atlantida-768x886.jpg 768w, https:\/\/masajesyesencias.es\/wp-content\/uploads\/2021\/01\/Naara_canarias_flores_de_la_atlantida.jpg 1200w\" sizes=\"(max-width: 800px) 100vw, 800px\" \/>\t\t\t\t\t\t\t\t\t\t\t\t\t\t\t<\/div>\n\t\t\t\t<\/div>\n\t\t\t\t\t<\/div>\n\t\t<\/div>\n\t\t\t\t<div class=\"elementor-column elementor-col-50 elementor-top-column elementor-element elementor-element-a52285e\" data-id=\"a52285e\" data-element_type=\"column\" data-e-type=\"column\">\n\t\t\t<div class=\"elementor-widget-wrap elementor-element-populated\">\n\t\t\t\t\t\t<div class=\"elementor-element elementor-element-b551b63 elementor-widget elementor-widget-heading\" data-id=\"b551b63\" data-element_type=\"widget\" data-e-type=\"widget\" data-widget_type=\"heading.default\">\n\t\t\t\t<div class=\"elementor-widget-container\">\n\t\t\t\t\t<h1 class=\"elementor-heading-title elementor-size-default\">\u00a1Hola soy Naara!<\/h1>\t\t\t\t<\/div>\n\t\t\t\t<\/div>\n\t\t\t\t<div class=\"elementor-element elementor-element-eb946ea elementor-widget elementor-widget-text-editor\" data-id=\"eb946ea\" data-element_type=\"widget\" data-e-type=\"widget\" data-widget_type=\"text-editor.default\">\n\t\t\t\t<div class=\"elementor-widget-container\">\n\t\t\t\t\t\t\t\t\t<p><span style=\"color: #000000;\">\u00a1Hola aventurer@! <br \/><\/span><\/p><p><span style=\"color: #000000;\">\u00bfSab\u00edas que la palabra aventura viene del lat\u00edn Adventura que significa <strong>\u00ablas cosas que han de llegar\u00bb<\/strong>?<\/span><\/p><p><span style=\"color: #000000;\">Si est\u00e1s ley\u00e9ndome probablemente te apasione <strong>descubrir<\/strong> lugares tanto en ti como en el mundo que ven tus ojos.<\/span><\/p><p><span style=\"color: #000000;\">Te invito a entrar en mi mundo que est\u00e1 en continua expansi\u00f3n y a <strong>abrir la puerta hacia el siguiente \u00ablugar\u00bb donde quieres estar.<br \/><br \/>Estoy remodelando esta Web. <br \/><\/strong><\/span><\/p><p><span style=\"color: #000000;\"><strong>Mientras tanto podr\u00e1s contactarme si me quieres comentar algo.<br \/><\/strong><\/span><\/p><p><span style=\"color: #000000;\">\u00a1Te doy la bienvenida!<\/span><\/p>\t\t\t\t\t\t\t\t<\/div>\n\t\t\t\t<\/div>\n\t\t\t\t\t<\/div>\n\t\t<\/div>\n\t\t\t\t\t<\/div>\n\t\t<\/section>\n\t\t\t\t<section class=\"elementor-section elementor-top-section elementor-element elementor-element-1f97b09 elementor-section-height-min-height elementor-section-content-middle elementor-section-boxed elementor-section-height-default elementor-section-items-middle\" data-id=\"1f97b09\" data-element_type=\"section\" data-e-type=\"section\" id=\"contactar\" data-settings=\"{&quot;background_background&quot;:&quot;classic&quot;}\">\n\t\t\t\t\t\t\t<div class=\"elementor-background-overlay\"><\/div>\n\t\t\t\t\t\t\t<div class=\"elementor-container elementor-column-gap-default\">\n\t\t\t\t\t<div class=\"elementor-column elementor-col-100 elementor-top-column elementor-element elementor-element-98cfef2\" data-id=\"98cfef2\" data-element_type=\"column\" data-e-type=\"column\">\n\t\t\t<div class=\"elementor-widget-wrap elementor-element-populated\">\n\t\t\t\t\t\t<div class=\"elementor-element elementor-element-cd1e940 elementor-widget elementor-widget-heading\" data-id=\"cd1e940\" data-element_type=\"widget\" data-e-type=\"widget\" data-widget_type=\"heading.default\">\n\t\t\t\t<div class=\"elementor-widget-container\">\n\t\t\t\t\t<h1 class=\"elementor-heading-title elementor-size-xl\">Contacto<\/h1>\t\t\t\t<\/div>\n\t\t\t\t<\/div>\n\t\t\t\t<div class=\"elementor-element elementor-element-28d67ee elementor-widget elementor-widget-shortcode\" data-id=\"28d67ee\" data-element_type=\"widget\" data-e-type=\"widget\" data-widget_type=\"shortcode.default\">\n\t\t\t\t<div class=\"elementor-widget-container\">\n\t\t\t\t\t\t\t<div class=\"elementor-shortcode\">\n<div class=\"wpcf7 no-js\" id=\"wpcf7-f4-o1\" lang=\"es-ES\" dir=\"ltr\" data-wpcf7-id=\"4\">\n<div class=\"screen-reader-response\"><p role=\"status\" aria-live=\"polite\" aria-atomic=\"true\"><\/p> <ul><\/ul><\/div>\n<form action=\"\/index.php\/wp-json\/wp\/v2\/pages\/25#wpcf7-f4-o1\" method=\"post\" class=\"wpcf7-form init\" aria-label=\"Formulario de contacto\" novalidate=\"novalidate\" data-status=\"init\">\n<fieldset class=\"hidden-fields-container\"><input type=\"hidden\" name=\"_wpcf7\" value=\"4\" \/><input type=\"hidden\" name=\"_wpcf7_version\" value=\"6.1.5\" \/><input type=\"hidden\" name=\"_wpcf7_locale\" value=\"es_ES\" \/><input type=\"hidden\" name=\"_wpcf7_unit_tag\" value=\"wpcf7-f4-o1\" \/><input type=\"hidden\" name=\"_wpcf7_container_post\" value=\"0\" \/><input type=\"hidden\" name=\"_wpcf7_posted_data_hash\" value=\"\" \/>\n<\/fieldset>\n<div class=\"row\">\n\t<div class=\"col-sm-6\">\n\t\t<p><label>Nombre<\/label><br \/>\n<span class=\"wpcf7-form-control-wrap\" data-name=\"usuario-nombre\"><input size=\"40\" maxlength=\"400\" class=\"wpcf7-form-control wpcf7-text wpcf7-validates-as-required form-control\" aria-required=\"true\" aria-invalid=\"false\" placeholder=\"Nombre\" value=\"\" type=\"text\" name=\"usuario-nombre\" \/><\/span>\n\t\t<\/p>\n\t<\/div>\n\t<div class=\"col-sm-6\">\n\t\t<p><label>Email<\/label><br \/>\n<span class=\"wpcf7-form-control-wrap\" data-name=\"usuario-email\"><input size=\"40\" maxlength=\"400\" class=\"wpcf7-form-control wpcf7-email wpcf7-validates-as-required wpcf7-text wpcf7-validates-as-email form-control\" aria-required=\"true\" aria-invalid=\"false\" placeholder=\"Email\" value=\"\" type=\"email\" name=\"usuario-email\" \/><\/span>\n\t\t<\/p>\n\t<\/div>\n\t<div class=\"col-sm-6\">\n\t\t<p><label>Tel\u00e9fono<\/label><br \/>\n<span class=\"wpcf7-form-control-wrap\" data-name=\"usuario-telefono\"><input size=\"40\" maxlength=\"400\" class=\"wpcf7-form-control wpcf7-tel wpcf7-validates-as-required wpcf7-text wpcf7-validates-as-tel form-control\" aria-required=\"true\" aria-invalid=\"false\" placeholder=\"T\u00e9lefono\" value=\"\" type=\"tel\" name=\"usuario-telefono\" \/><\/span>\n\t\t<\/p>\n\t<\/div>\n\t<div class=\"col-sm-6\">\n\t\t<p><label>Asunto<\/label><br \/>\n<span class=\"wpcf7-form-control-wrap\" data-name=\"usuario-seleccion\"><select class=\"wpcf7-form-control wpcf7-select wpcf7-validates-as-required\" aria-required=\"true\" aria-invalid=\"false\" name=\"usuario-seleccion\"><option value=\"\">&#8212;Por favor, elige una opci\u00f3n&#8212;<\/option><option value=\"Consulta Floral\">Consulta Floral<\/option><option value=\"Masaje\">Masaje<\/option><option value=\"Consulta\">Consulta<\/option><option value=\"Otros\">Otros<\/option><\/select><\/span>\n\t\t<\/p>\n\t<\/div>\n<\/div><!-- end of .row -->\n<hr \/>\n<div class=\"row\">\n\t<div class=\"col-md-12\">\n\t\t<p><span class=\"wpcf7-form-control-wrap\" data-name=\"usuario-mensaje\"><textarea cols=\"40\" rows=\"10\" maxlength=\"2000\" class=\"wpcf7-form-control wpcf7-textarea form-control\" aria-invalid=\"false\" placeholder=\"Mensaje\" name=\"usuario-mensaje\"><\/textarea><\/span>\n\t\t<\/p>\n\t<\/div>\n<\/div>\n<div class=\"row\">\n\t<div class=\"col-sm-12\">\n\t\t<p><span><span class=\"wpcf7-form-control-wrap\" data-name=\"acceptance-279\"><span class=\"wpcf7-form-control wpcf7-acceptance\"><span class=\"wpcf7-list-item\"><input type=\"checkbox\" name=\"acceptance-279\" value=\"1\" aria-invalid=\"false\" \/><\/span><\/span><\/span> He le\u00eddo y acepto el <a target=\"_blank\" rel=\"nofollow noopener noreferrer\" href=\"https:\/\/masajesyesencias.es\/avisos-legales\">Aviso Legal<\/a> y la <a target=\"_blank\" rel=\"nofollow noopener noreferrer\" href=\"https:\/\/masajesyesencias.es\/politica-de-privacidad\">Pol\u00edtica de Privacidad<\/a>.<\/span>\n\t\t<\/p>\n\t\t<p><span><span class=\"wpcf7-form-control-wrap\" data-name=\"acceptance-414\"><span class=\"wpcf7-form-control wpcf7-acceptance\"><span class=\"wpcf7-list-item\"><input type=\"checkbox\" name=\"acceptance-414\" value=\"1\" aria-invalid=\"false\" \/><\/span><\/span><\/span> Declaro, bajo mi propia responsabilidad, ser mayor de 18 a\u00f1os y respondo de manera exclusiva de la veracidad de dicha declaraci\u00f3n.<\/span>\n\t\t<\/p>\n\t\t<p><span><span class=\"wpcf7-form-control-wrap\" data-name=\"acceptance-415\"><span class=\"wpcf7-form-control wpcf7-acceptance\"><span class=\"wpcf7-list-item\"><input type=\"checkbox\" name=\"acceptance-415\" value=\"1\" aria-invalid=\"false\" \/><\/span><\/span><\/span> Acepto recibir la informaci\u00f3n que la entidad considere oportuno enviarme por correo electr\u00f3nico o medio de comunicaci\u00f3n electr\u00f3nica equivalente. (Es posible darse de baja en cualquier momento).<\/span><br \/>\n<input class=\"wpcf7-form-control wpcf7-submit has-spinner btn-block btn btn-primary btn-lg\" type=\"submit\" value=\"Enviar\" \/>\n\t\t<\/p>\n\t<\/div>\n<\/div><p style=\"display: none !important;\" class=\"akismet-fields-container\" data-prefix=\"_wpcf7_ak_\"><label>&#916;<textarea name=\"_wpcf7_ak_hp_textarea\" cols=\"45\" rows=\"8\" maxlength=\"100\"><\/textarea><\/label><input type=\"hidden\" id=\"ak_js_1\" name=\"_wpcf7_ak_js\" value=\"171\"\/><script>document.getElementById( \"ak_js_1\" ).setAttribute( \"value\", ( new Date() ).getTime() );<\/script><\/p><div class=\"wpcf7-response-output\" aria-hidden=\"true\"><\/div>\n<\/form>\n<\/div>\n<\/div>\n\t\t\t\t\t\t<\/div>\n\t\t\t\t<\/div>\n\t\t\t\t\t<\/div>\n\t\t<\/div>\n\t\t\t\t\t<\/div>\n\t\t<\/section>\n\t\t\t\t<\/div>\n\t\t","protected":false},"excerpt":{"rendered":"<p>\u00a1Hola soy Naara! \u00a1Hola aventurer@! \u00bfSab\u00edas que la palabra aventura viene del lat\u00edn Adventura que significa \u00ablas cosas que han de llegar\u00bb? Si est\u00e1s ley\u00e9ndome probablemente te apasione descubrir lugares tanto en ti como en el mundo que ven tus ojos. Te invito a entrar en mi mundo que est\u00e1 en continua expansi\u00f3n y a [&hellip;]<\/p>\n","protected":false},"author":1,"featured_media":0,"parent":0,"menu_order":0,"comment_status":"closed","ping_status":"closed","template":"elementor_header_footer","meta":{"_kadence_starter_templates_imported_post":false,"footnotes":""},"class_list":["post-25","page","type-page","status-publish","hentry"],"yoast_head":"<!-- This site is optimized with the Yoast SEO plugin v27.3 - https:\/\/yoast.com\/product\/yoast-seo-wordpress\/ -->\n<title>Inicio - Masajes y Esencias<\/title>\n<meta name=\"robots\" content=\"index, follow, max-snippet:-1, max-image-preview:large, max-video-preview:-1\" \/>\n<link rel=\"canonical\" href=\"https:\/\/masajesyesencias.es\/\" \/>\n<meta property=\"og:locale\" content=\"es_ES\" \/>\n<meta property=\"og:type\" content=\"article\" \/>\n<meta property=\"og:title\" content=\"Inicio - Masajes y Esencias\" \/>\n<meta property=\"og:description\" content=\"\u00a1Hola soy Naara! \u00a1Hola aventurer@! \u00bfSab\u00edas que la palabra aventura viene del lat\u00edn Adventura que significa \u00ablas cosas que han de llegar\u00bb? Si est\u00e1s ley\u00e9ndome probablemente te apasione descubrir lugares tanto en ti como en el mundo que ven tus ojos. Te invito a entrar en mi mundo que est\u00e1 en continua expansi\u00f3n y a [&hellip;]\" \/>\n<meta property=\"og:url\" content=\"https:\/\/masajesyesencias.es\/\" \/>\n<meta property=\"og:site_name\" content=\"Masajes y Esencias\" \/>\n<meta property=\"article:modified_time\" content=\"2023-03-28T15:52:18+00:00\" \/>\n<meta property=\"og:image\" content=\"https:\/\/masajesyesencias.es\/wp-content\/uploads\/2021\/01\/Naara_canarias_flores_de_la_atlantida-888x1024.jpg\" \/>\n<meta name=\"twitter:card\" content=\"summary_large_image\" \/>\n<meta name=\"twitter:label1\" content=\"Tiempo de lectura\" \/>\n\t<meta name=\"twitter:data1\" content=\"1 minuto\" \/>\n<script type=\"application\/ld+json\" class=\"yoast-schema-graph\">{\"@context\":\"https:\\\/\\\/schema.org\",\"@graph\":[{\"@type\":\"WebPage\",\"@id\":\"https:\\\/\\\/masajesyesencias.es\\\/\",\"url\":\"https:\\\/\\\/masajesyesencias.es\\\/\",\"name\":\"Inicio - Masajes y Esencias\",\"isPartOf\":{\"@id\":\"https:\\\/\\\/masajesyesencias.es\\\/#website\"},\"primaryImageOfPage\":{\"@id\":\"https:\\\/\\\/masajesyesencias.es\\\/#primaryimage\"},\"image\":{\"@id\":\"https:\\\/\\\/masajesyesencias.es\\\/#primaryimage\"},\"thumbnailUrl\":\"https:\\\/\\\/masajesyesencias.es\\\/wp-content\\\/uploads\\\/2021\\\/01\\\/Naara_canarias_flores_de_la_atlantida-888x1024.jpg\",\"datePublished\":\"2016-12-07T19:19:41+00:00\",\"dateModified\":\"2023-03-28T15:52:18+00:00\",\"breadcrumb\":{\"@id\":\"https:\\\/\\\/masajesyesencias.es\\\/#breadcrumb\"},\"inLanguage\":\"es\",\"potentialAction\":[{\"@type\":\"ReadAction\",\"target\":[\"https:\\\/\\\/masajesyesencias.es\\\/\"]}]},{\"@type\":\"ImageObject\",\"inLanguage\":\"es\",\"@id\":\"https:\\\/\\\/masajesyesencias.es\\\/#primaryimage\",\"url\":\"https:\\\/\\\/masajesyesencias.es\\\/wp-content\\\/uploads\\\/2021\\\/01\\\/Naara_canarias_flores_de_la_atlantida.jpg\",\"contentUrl\":\"https:\\\/\\\/masajesyesencias.es\\\/wp-content\\\/uploads\\\/2021\\\/01\\\/Naara_canarias_flores_de_la_atlantida.jpg\",\"width\":1200,\"height\":1384},{\"@type\":\"BreadcrumbList\",\"@id\":\"https:\\\/\\\/masajesyesencias.es\\\/#breadcrumb\",\"itemListElement\":[{\"@type\":\"ListItem\",\"position\":1,\"name\":\"Home\",\"item\":\"https:\\\/\\\/masajesyesencias.es\\\/\"},{\"@type\":\"ListItem\",\"position\":2,\"name\":\"Inicio\"}]},{\"@type\":\"WebSite\",\"@id\":\"https:\\\/\\\/masajesyesencias.es\\\/#website\",\"url\":\"https:\\\/\\\/masajesyesencias.es\\\/\",\"name\":\"Masajes y Esencias\",\"description\":\"Esencias florales, reflexiones, peregrinaje por Canarias.\",\"publisher\":{\"@id\":\"https:\\\/\\\/masajesyesencias.es\\\/#organization\"},\"potentialAction\":[{\"@type\":\"SearchAction\",\"target\":{\"@type\":\"EntryPoint\",\"urlTemplate\":\"https:\\\/\\\/masajesyesencias.es\\\/?s={search_term_string}\"},\"query-input\":{\"@type\":\"PropertyValueSpecification\",\"valueRequired\":true,\"valueName\":\"search_term_string\"}}],\"inLanguage\":\"es\"},{\"@type\":\"Organization\",\"@id\":\"https:\\\/\\\/masajesyesencias.es\\\/#organization\",\"name\":\"Masajes y Esencias\",\"url\":\"https:\\\/\\\/masajesyesencias.es\\\/\",\"logo\":{\"@type\":\"ImageObject\",\"inLanguage\":\"es\",\"@id\":\"https:\\\/\\\/masajesyesencias.es\\\/#\\\/schema\\\/logo\\\/image\\\/\",\"url\":\"https:\\\/\\\/masajesyesencias.es\\\/wp-content\\\/uploads\\\/2020\\\/03\\\/cropped-cropped-logo-color.png\",\"contentUrl\":\"https:\\\/\\\/masajesyesencias.es\\\/wp-content\\\/uploads\\\/2020\\\/03\\\/cropped-cropped-logo-color.png\",\"width\":839,\"height\":187,\"caption\":\"Masajes y Esencias\"},\"image\":{\"@id\":\"https:\\\/\\\/masajesyesencias.es\\\/#\\\/schema\\\/logo\\\/image\\\/\"}}]}<\/script>\n<!-- \/ Yoast SEO plugin. -->","yoast_head_json":{"title":"Inicio - Masajes y Esencias","robots":{"index":"index","follow":"follow","max-snippet":"max-snippet:-1","max-image-preview":"max-image-preview:large","max-video-preview":"max-video-preview:-1"},"canonical":"https:\/\/masajesyesencias.es\/","og_locale":"es_ES","og_type":"article","og_title":"Inicio - Masajes y Esencias","og_description":"\u00a1Hola soy Naara! \u00a1Hola aventurer@! \u00bfSab\u00edas que la palabra aventura viene del lat\u00edn Adventura que significa \u00ablas cosas que han de llegar\u00bb? Si est\u00e1s ley\u00e9ndome probablemente te apasione descubrir lugares tanto en ti como en el mundo que ven tus ojos. Te invito a entrar en mi mundo que est\u00e1 en continua expansi\u00f3n y a [&hellip;]","og_url":"https:\/\/masajesyesencias.es\/","og_site_name":"Masajes y Esencias","article_modified_time":"2023-03-28T15:52:18+00:00","og_image":[{"url":"https:\/\/masajesyesencias.es\/wp-content\/uploads\/2021\/01\/Naara_canarias_flores_de_la_atlantida-888x1024.jpg","type":"","width":"","height":""}],"twitter_card":"summary_large_image","twitter_misc":{"Tiempo de lectura":"1 minuto"},"schema":{"@context":"https:\/\/schema.org","@graph":[{"@type":"WebPage","@id":"https:\/\/masajesyesencias.es\/","url":"https:\/\/masajesyesencias.es\/","name":"Inicio - Masajes y Esencias","isPartOf":{"@id":"https:\/\/masajesyesencias.es\/#website"},"primaryImageOfPage":{"@id":"https:\/\/masajesyesencias.es\/#primaryimage"},"image":{"@id":"https:\/\/masajesyesencias.es\/#primaryimage"},"thumbnailUrl":"https:\/\/masajesyesencias.es\/wp-content\/uploads\/2021\/01\/Naara_canarias_flores_de_la_atlantida-888x1024.jpg","datePublished":"2016-12-07T19:19:41+00:00","dateModified":"2023-03-28T15:52:18+00:00","breadcrumb":{"@id":"https:\/\/masajesyesencias.es\/#breadcrumb"},"inLanguage":"es","potentialAction":[{"@type":"ReadAction","target":["https:\/\/masajesyesencias.es\/"]}]},{"@type":"ImageObject","inLanguage":"es","@id":"https:\/\/masajesyesencias.es\/#primaryimage","url":"https:\/\/masajesyesencias.es\/wp-content\/uploads\/2021\/01\/Naara_canarias_flores_de_la_atlantida.jpg","contentUrl":"https:\/\/masajesyesencias.es\/wp-content\/uploads\/2021\/01\/Naara_canarias_flores_de_la_atlantida.jpg","width":1200,"height":1384},{"@type":"BreadcrumbList","@id":"https:\/\/masajesyesencias.es\/#breadcrumb","itemListElement":[{"@type":"ListItem","position":1,"name":"Home","item":"https:\/\/masajesyesencias.es\/"},{"@type":"ListItem","position":2,"name":"Inicio"}]},{"@type":"WebSite","@id":"https:\/\/masajesyesencias.es\/#website","url":"https:\/\/masajesyesencias.es\/","name":"Masajes y Esencias","description":"Esencias florales, reflexiones, peregrinaje por Canarias.","publisher":{"@id":"https:\/\/masajesyesencias.es\/#organization"},"potentialAction":[{"@type":"SearchAction","target":{"@type":"EntryPoint","urlTemplate":"https:\/\/masajesyesencias.es\/?s={search_term_string}"},"query-input":{"@type":"PropertyValueSpecification","valueRequired":true,"valueName":"search_term_string"}}],"inLanguage":"es"},{"@type":"Organization","@id":"https:\/\/masajesyesencias.es\/#organization","name":"Masajes y Esencias","url":"https:\/\/masajesyesencias.es\/","logo":{"@type":"ImageObject","inLanguage":"es","@id":"https:\/\/masajesyesencias.es\/#\/schema\/logo\/image\/","url":"https:\/\/masajesyesencias.es\/wp-content\/uploads\/2020\/03\/cropped-cropped-logo-color.png","contentUrl":"https:\/\/masajesyesencias.es\/wp-content\/uploads\/2020\/03\/cropped-cropped-logo-color.png","width":839,"height":187,"caption":"Masajes y Esencias"},"image":{"@id":"https:\/\/masajesyesencias.es\/#\/schema\/logo\/image\/"}}]}},"_links":{"self":[{"href":"https:\/\/masajesyesencias.es\/index.php\/wp-json\/wp\/v2\/pages\/25","targetHints":{"allow":["GET"]}}],"collection":[{"href":"https:\/\/masajesyesencias.es\/index.php\/wp-json\/wp\/v2\/pages"}],"about":[{"href":"https:\/\/masajesyesencias.es\/index.php\/wp-json\/wp\/v2\/types\/page"}],"author":[{"embeddable":true,"href":"https:\/\/masajesyesencias.es\/index.php\/wp-json\/wp\/v2\/users\/1"}],"replies":[{"embeddable":true,"href":"https:\/\/masajesyesencias.es\/index.php\/wp-json\/wp\/v2\/comments?post=25"}],"version-history":[{"count":73,"href":"https:\/\/masajesyesencias.es\/index.php\/wp-json\/wp\/v2\/pages\/25\/revisions"}],"predecessor-version":[{"id":849,"href":"https:\/\/masajesyesencias.es\/index.php\/wp-json\/wp\/v2\/pages\/25\/revisions\/849"}],"wp:attachment":[{"href":"https:\/\/masajesyesencias.es\/index.php\/wp-json\/wp\/v2\/media?parent=25"}],"curies":[{"name":"wp","href":"https:\/\/api.w.org\/{rel}","templated":true}]}}